{"id":17,"date":"2016-05-30T09:56:59","date_gmt":"2016-05-30T07:56:59","guid":{"rendered":"http:\/\/wordpress\/?page_id=17"},"modified":"2017-01-09T15:46:20","modified_gmt":"2017-01-09T14:46:20","slug":"home","status":"publish","type":"page","link":"https:\/\/istitutoconfucio.unikore.it\/index.php\/home\/","title":{"rendered":"L&#8217;Istituto"},"content":{"rendered":"<p>Gli <strong>Istituti Confucio<\/strong> sono enti di carattere culturale creati in collaborazione con il Ministero per l\u2019Educazione della Repubblica Popolare Cinese, un\u2019Universit\u00e0 della citt\u00e0 ospitante estera ed un\u2019Universit\u00e0 cinese.<\/p>\n<p>L&#8217;<strong>Istituto Confucio di Enna<\/strong> \u00e8 stato fondato nel 2016 dall&#8217;Universit\u00e0 degli Studi di Enna \u201cKore\u201d e dalla Dalian Foreign Languages University. Promuove corsi di lingua cinese ad ogni livello, per bambini e per adulti, mirati al conseguimento delle certificazioni internazionali di lingua cinese (HSK, HSKK, YCT, BCT), tramite esami che svolge in sede.<\/p>\n<p>L&#8217;Istituto si dedica inoltre alla promozione dell&#8217;insegnamento della lingua e della cultura cinese sul territorio nelle scuole di ogni ordine e grado, dalle scuole dell&#8217;infanzia ed elementari fino all&#8217;universit\u00e0, e promuove attivit\u00e0 di formazione in Italia e in Cina per docenti di cinese. Lo staff \u00e8 composto da docenti locali, laureati in lingua e cultura cinese, e docenti cinesi specializzati nell&#8217;insegnamento della lingua cinese agli stranieri attraverso percorsi formativi condotti in Cina e in sede.<\/p>\n<p>L&#8217;attivit\u00e0 di insegnamento linguistico \u00e8 affiancata ad un&#8217;intensa e variegata attivit\u00e0 culturale per la diffusione della conoscenza del mondo cinese: da conferenze dedicate ai diversi aspetti della cultura, della societ\u00e0, dell&#8217;attualit\u00e0 e della storia cinese, a concerti di musica classica e contemporanea, spettacoli e mostre.<\/p>\n","protected":false},"excerpt":{"rendered":"<p>Gli Istituti Confucio sono enti di carattere culturale creati in collaborazione con il Ministero per l\u2019Educazione della Repubblica Popolare Cinese, un\u2019Universit\u00e0 della citt\u00e0 ospitante estera ed un\u2019Universit\u00e0 cinese. L&#8217;Istituto Confucio di Enna \u00e8 stato fondato nel 2016 dall&#8217;Universit\u00e0 degli Studi<\/p>\n","protected":false},"author":2,"featured_media":0,"parent":0,"menu_order":0,"comment_status":"closed","ping_status":"closed","template":"","meta":{"footnotes":""},"class_list":["post-17","page","type-page","status-publish","hentry"],"_links":{"self":[{"href":"https:\/\/istitutoconfucio.unikore.it\/index.php\/wp-json\/wp\/v2\/pages\/17","targetHints":{"allow":["GET"]}}],"collection":[{"href":"https:\/\/istitutoconfucio.unikore.it\/index.php\/wp-json\/wp\/v2\/pages"}],"about":[{"href":"https:\/\/istitutoconfucio.unikore.it\/index.php\/wp-json\/wp\/v2\/types\/page"}],"author":[{"embeddable":true,"href":"https:\/\/istitutoconfucio.unikore.it\/index.php\/wp-json\/wp\/v2\/users\/2"}],"replies":[{"embeddable":true,"href":"https:\/\/istitutoconfucio.unikore.it\/index.php\/wp-json\/wp\/v2\/comments?post=17"}],"version-history":[{"count":5,"href":"https:\/\/istitutoconfucio.unikore.it\/index.php\/wp-json\/wp\/v2\/pages\/17\/revisions"}],"predecessor-version":[{"id":206,"href":"https:\/\/istitutoconfucio.unikore.it\/index.php\/wp-json\/wp\/v2\/pages\/17\/revisions\/206"}],"wp:attachment":[{"href":"https:\/\/istitutoconfucio.unikore.it\/index.php\/wp-json\/wp\/v2\/media?parent=17"}],"curies":[{"name":"wp","href":"https:\/\/api.w.org\/{rel}","templated":true}]}}